{"id":8158,"date":"2018-05-22T10:34:41","date_gmt":"2018-05-22T08:34:41","guid":{"rendered":"https:\/\/www.schiedsrichter.at\/?page_id=8158"},"modified":"2025-01-29T14:12:34","modified_gmt":"2025-01-29T13:12:34","slug":"privacy-policy","status":"publish","type":"page","link":"https:\/\/www.schiedsrichter.at\/en\/privacy-policy\/","title":{"rendered":"Privacy Policy"},"content":{"rendered":"<style type=\"text\/css\"> \n#cmsmasters_row_69f5389a0d5851_82261425 { \n\tbackground-color:#fafafa;\n} \n\n#cmsmasters_row_69f5389a0d5851_82261425 .cmsmasters_row_outer_parent { \n\tpadding-top: 80px; \n} \n\n#cmsmasters_row_69f5389a0d5851_82261425 .cmsmasters_row_outer_parent { \n\tpadding-bottom: 0px; \n} \n\n \n#cmsmasters_heading_69f5389a0d76b6_91913774 { \n\ttext-align:left; \n\tmargin-top:0px; \n\tmargin-bottom:20px; \n} \n\n#cmsmasters_heading_69f5389a0d76b6_91913774 .cmsmasters_heading { \n\ttext-align:left; \n} \n\n#cmsmasters_heading_69f5389a0d76b6_91913774 .cmsmasters_heading, #cmsmasters_heading_69f5389a0d76b6_91913774 .cmsmasters_heading a { \n\tfont-size:30px; \n\tline-height:40px; \n\tfont-weight:normal; \n\tfont-style:normal; \n\tcolor:#d43555;\n} \n\n#cmsmasters_heading_69f5389a0d76b6_91913774 .cmsmasters_heading_divider { \n} \n\n \n#cmsmasters_divider_69f5389a0d7c31_57221899 { \n\tborder-bottom-width:2px; \n\tborder-bottom-style:solid; \n\tpadding-top:2px; \n\tmargin-bottom:29px; \n\tborder-bottom-color:#d43555;\n} \n \n#cmsmasters_row_69f5389a0da1f4_36252412 { \n\tbackground-color:#fafafa;\n} \n\n#cmsmasters_row_69f5389a0da1f4_36252412 .cmsmasters_row_outer_parent { \n\tpadding-top: 50px; \n} \n\n#cmsmasters_row_69f5389a0da1f4_36252412 .cmsmasters_row_outer_parent { \n\tpadding-bottom: 70px; \n} \n\n \n#cmsmasters_row_69f5389a0df8e6_74016900 { \n\tbackground-color:#e8e8e8;\n} \n\n#cmsmasters_row_69f5389a0df8e6_74016900 .cmsmasters_row_outer_parent { \n\tpadding-top: 60px; \n} \n\n#cmsmasters_row_69f5389a0df8e6_74016900 .cmsmasters_row_outer_parent { \n\tpadding-bottom: 40px; \n} \n\n<\/style><div id=\"cmsmasters_row_69f5389a0d5851_82261425\" class=\"cmsmasters_row cmsmasters_color_scheme_default cmsmasters_row_top_default cmsmasters_row_bot_default cmsmasters_row_boxed\">\n<div id=\"grundsaetze\" class=\"cmsmasters_row_outer_parent\">\n<div class=\"cmsmasters_row_outer\">\n<div class=\"cmsmasters_row_inner\">\n<div class=\"cmsmasters_row_margin\">\n<div class=\"cmsmasters_column one_first\">\n\n<div id=\"cmsmasters_heading_69f5389a0d76b6_91913774\" class=\"cmsmasters_heading_wrap cmsmasters_heading_align_left\">\n\t<h1 class=\"cmsmasters_heading\">Datenschutzerkl\u00e4rung<\/h1>\n<\/div>\n\n<div id=\"cmsmasters_divider_69f5389a0d7c31_57221899\" class=\"cmsmasters_divider cmsmasters_divider_width_short cmsmasters_divider_pos_left\"><\/div>\n<\/div>\n<\/div>\n<\/div>\n<\/div>\n<\/div>\n<\/div>\n<div id=\"cmsmasters_row_69f5389a0da1f4_36252412\" class=\"cmsmasters_row cmsmasters_color_scheme_default cmsmasters_row_top_default cmsmasters_row_bot_default cmsmasters_row_boxed\">\n<div class=\"cmsmasters_row_outer_parent\">\n<div class=\"cmsmasters_row_outer\">\n<div class=\"cmsmasters_row_inner\">\n<div class=\"cmsmasters_row_margin\">\n<div class=\"cmsmasters_column one_third\">\n<div class=\"cmsmasters_text\">\n<h2>Website<br \/>\nwww.schiedsrichter.at<\/h2>\n<\/div>\n<\/div>\n<div class=\"cmsmasters_column two_third\">\n<div class=\"cmsmasters_text\">\n<ol start=\"1\">\n<li><strong>Personenbezogene Daten<\/strong><\/li>\n<\/ol>\n<p>Ich, Rechtsanwalt Hon.-Prof. Dr. Dietmar Czernich, Bozner Platz 4, A-6020 Innsbruck, erhebe, verarbeite und nutze Ihre personenbezogenen Daten nur mit Ihrer Einwilligung bzw. Mandatierung oder Bestellung zu den mit Ihnen vereinbarten Zwecken oder wenn eine sonstige rechtliche Grundlage im Einklang mit der DSGVO vorliegt; dies unter Einhaltung der datenschutz- und zivilrechtlichen Bestimmungen.<\/p>\n<p>Es werden nur solche personenbezogenen Daten erhoben, die f\u00fcr die Durchf\u00fchrung und Abwicklung unserer rechtsanwaltlichen Leistungen erforderlich sind oder die Sie uns freiwillig zur Verf\u00fcgung gestellt haben.<\/p>\n<p>Personenbezogene Daten sind alle Daten, die Einzelangaben \u00fcber pers\u00f6nliche oder sachliche Verh\u00e4ltnisse enthalten, beispielsweise Name, Anschrift, Emailadresse, Telefonnummer, Geburtsdatum, Alter, Geschlecht, Sozialversicherungsnummer, Videoaufzeichnungen, Fotos, Stimmaufnahmen von Personen sowie biometrische Daten wie etwa Fingerabdr\u00fccke. Auch sensible Daten, wie Gesundheitsdaten oder Daten im Zusammenhang mit einem Strafverfahren k\u00f6nnen mitumfasst sein.<\/p>\n<ol start=\"2\">\n<li><strong> Auskunft und L\u00f6schung<\/strong><\/li>\n<\/ol>\n<p>Als Mandantin oder Mandant bzw. generell als Betroffener haben Sie \u2013 unter Wahrung der rechtsanwaltlichen Verschwiegenheitspflicht \u2013 jederzeit das Recht auf Auskunft \u00fcber Ihre gespeicherten personenbezogenen Daten, deren Herkunft und Empf\u00e4nger und den Zweck der Datenverarbeitung sowie ein Recht auf Berichtigung, Daten\u00fcbertragung, Widerspruch, Einschr\u00e4nkung der Bearbeitung sowie Sperrung oder L\u00f6schung unrichtiger bzw. unzul\u00e4ssig verarbeiteter Daten.<\/p>\n<p>Insoweit sich \u00c4nderungen Ihrer pers\u00f6nlichen Daten ergeben, ersuchen wir um entsprechende Mitteilung.<\/p>\n<p>Sie haben jederzeit das Recht, eine erteilte Einwilligung zur Nutzung Ihrer personenbezogenen Daten zu widerrufen. Ihre Eingabe auf Auskunft, L\u00f6schung, Berichtigung, Widerspruch und\/oder Daten\u00fcbertragung, im letztgenannten Fall, sofern damit nicht ein unverh\u00e4ltnism\u00e4\u00dfiger Aufwand verursacht wird, kann an unsere in Punkt 11. dieser Erkl\u00e4rung angef\u00fchrte Anschrift gerichtet werden.<\/p>\n<p>Wenn Sie der Auffassung sind, dass die Verarbeitung Ihrer personenbezogenen Daten durch uns gegen das geltende Datenschutzrecht verst\u00f6\u00dft oder Ihre datenschutzrechtlichen Anspr\u00fcche in einer anderen Weise verletzt worden sind, besteht die M\u00f6glichkeit, sich bei der zust\u00e4ndigen Aufsichtsbeh\u00f6rde zu beschweren. In \u00d6sterreich zust\u00e4ndig ist hierf\u00fcr die Datenschutzbeh\u00f6rde.<\/p>\n<ol start=\"3\">\n<li><strong> Datensicherheit<\/strong><\/li>\n<\/ol>\n<p>Der Schutz Ihrer personenbezogenen Daten erfolgt durch entsprechende organisatorische und technische Vorkehrungen. Diese Vorkehrungen betreffen insbesondere den Schutz vor unerlaubtem, rechtswidrigem oder auch zuf\u00e4lligem Zugriff, Verarbeitung, Verlust, Verwendung und Manipulation.<\/p>\n<p>Ungeachtet der Bem\u00fchungen der Einhaltung eines stets angemessen hohen Standes der Sorgfaltsanforderungen kann nicht ausgeschlossen werden, dass Informationen, die Sie uns \u00fcber das Internet bekannt geben, von anderen Personen eingesehen und genutzt werden.<\/p>\n<p>Bitte beachten Sie, dass wir daher keine wie immer geartete Haftung f\u00fcr die Offenlegung von Informationen aufgrund nicht von uns verursachter Fehler bei der Daten\u00fcbertragung und\/oder unautorisiertem Zugriff durch Dritte \u00fcbernehmen (zB Hackangriff auf Email-Account bzw. Telefon, Abfangen von Faxen).<\/p>\n<ol start=\"4\">\n<li><strong> Verwendung der Daten<\/strong><\/li>\n<\/ol>\n<p>Wir werden die uns zur Verf\u00fcgung gestellten Daten nicht f\u00fcr andere Zwecke als die durch den Mandatsvertrag oder durch Ihre Einwilligung oder sonst durch eine Bestimmung im Einklang mit der DSGVO gedeckten Zwecken verarbeiten. Ausgenommen hiervon ist die Nutzung f\u00fcr statistische Zwecke, sofern die zur Verf\u00fcgung gestellten Daten anonymisiert wurden.<\/p>\n<ol start=\"5\">\n<li><strong> \u00dcbermittlung von Daten an Dritte <\/strong><\/li>\n<\/ol>\n<p>Zur Erf\u00fcllung Ihres Auftrages ist es m\u00f6glicherweise auch erforderlich, Ihre Daten an Dritte (zB Gegenseite, Substitute, Versicherungen, Dienstleister, derer wir uns bedienen und denen wir Daten zur Verf\u00fcgung stellen, etc.) Gerichte oder Beh\u00f6rden, weiterzuleiten. Eine Weiterleitung Ihrer Daten erfolgt ausschlie\u00dflich auf Grundlage der DSGVO, insbesondere zur Erf\u00fcllung Ihres Auftrags oder aufgrund Ihrer vorherigen Einwilligung.<\/p>\n<p>Weiters informieren wir Sie dar\u00fcber, dass im Rahmen unserer rechtsanwaltlichen Vertretung und Betreuung regelm\u00e4\u00dfig auch sachverhalts- und fallbezogene Informationen von Ihnen von dritten Stellen bezogen werden.<\/p>\n<p>Manche der oben genannten Empf\u00e4nger Ihrer personenbezogenen Daten befinden sich au\u00dferhalb Ihres Landes oder verarbeiten dort Ihre personenbezogenen Daten. Das Datenschutzniveau in anderen L\u00e4ndern entspricht unter Umst\u00e4nden nicht dem \u00d6sterreichs. Wir \u00fcbermitteln Ihre personenbezogenen Daten jedoch nur in L\u00e4nder, f\u00fcr welche die EU-Kommission entschieden hat, dass sie \u00fcber ein angemessenes Datenschutzniveau verf\u00fcgen oder wir setzen Ma\u00dfnahmen, um zu gew\u00e4hrleisten, dass alle Empf\u00e4nger ein angemessenes Datenschutzniveau haben wozu wir Standardvertragsklauseln (2010\/87\/EC und\/oder 2004\/915\/EC) abschlie\u00dfen.<\/p>\n<ol start=\"6\">\n<li><strong> Bekanntgabe von Datenpannen<\/strong><\/li>\n<\/ol>\n<p>Wir sind bem\u00fcht sicherzustellen, dass Datenpannen fr\u00fchzeitig erkannt und gegebenenfalls unverz\u00fcglich Ihnen bzw. der zust\u00e4ndigen Aufsichtsbeh\u00f6rde unter Einbezug der jeweiligen Datenkategorien, die betroffen sind, gemeldet werden.<\/p>\n<ol start=\"7\">\n<li><strong> Aufbewahrung der Daten<\/strong><\/li>\n<\/ol>\n<p>Wir werden Daten nicht l\u00e4nger aufbewahren als dies zur Erf\u00fcllung unserer vertraglichen bzw. gesetzlichen Verpflichtungen sowie zur Durchsetzung allf\u00e4lliger Anspr\u00fcche unsererseits oder zur Abwehr allf\u00e4lliger Haftungsanspr\u00fcche erforderlich ist.<\/p>\n<ol start=\"8\">\n<li><strong> Cookies<\/strong><\/li>\n<\/ol>\n<div class=\"ccm-cookie-declaration\">Bitte aktivieren Sie Javascript, um die Liste aller deklarierten Cookies und \u00e4hnlicher Techniken zu sehen.<\/div>\n<ol start=\"9\">\n<li><strong> Server-Log-Files<\/strong><\/li>\n<\/ol>\n<p>Zur Optimierung dieser Website in Bezug auf die System-Performance, Benutzerfreundlichkeit und Bereitstellung von n\u00fctzlichen Informationen \u00fcber unsere Dienstleistungen erhebt und speichert der Provider der Website automatisch Informationen in so genannten Server-Log Files, die Ihr Browser automatisch an uns \u00fcbermittelt. Davon umfasst sind Ihre Internet-Protokoll Adresse (IP-Adresse), Browser und Spracheinstellung, Betriebssystem, Referrer URL, Ihr Internet Service Provider und Datum\/Uhrzeit.<\/p>\n<p>Eine Zusammenf\u00fchrung dieser Daten mit personenbezogenen Datenquellen wird nicht vorgenommen. Wir behalten uns vor, diese Daten nachtr\u00e4glich zu pr\u00fcfen, wenn uns konkrete Anhaltspunkte f\u00fcr eine rechtswidrige Nutzung bekannt werden.<\/p>\n<ol start=\"10\">\n<li><strong> Google Analytics<\/strong><\/li>\n<\/ol>\n<p>Anbieter ist Google Inc., 1600 Amphitheatre Pkwy, Mountain View, CA 94043-1351, USA. Google Analytics ist ein Dienst zur Erhebung, Sammlung und Auswertung von Daten \u00fcber das Verhalten von Besuchern von Internetseiten. Google nutzt die gewonnenen Daten und Informationen unter anderem dazu, die Nutzung unserer Internetseite auszuwerten und um weitere mit der Nutzung unserer Internetseite in Verbindung stehende Dienstleistungen zu erbringen.<\/p>\n<p>Google Analytics setzt ein Cookie. Mit Setzung des Cookies wird Google eine Analyse der Benutzung unserer Internetseite erm\u00f6glicht. Durch diesen Cookie wird der Internetbrowser veranlasst, Daten zum Zwecke der Online-Analyse an Google zu \u00fcbermitteln. Im Rahmen dieses technischen Verfahrens erh\u00e4lt Google Kenntnis \u00fcber personenbezogene Daten, wie der IP-Adresse der betroffenen Person, die Google unter anderem dazu dienen, die Herkunft der Besucher und Klicks nachzuvollziehen und in der Folge Provisionsabrechnungen zu erm\u00f6glichen.<\/p>\n<p>Wir verwenden f\u00fcr die Web-Analyse \u00fcber Google Analytics den Zusatz &#8220;ga(&#8216;set&#8217;, &#8216;anonymizeIp&#8217;, true);&#8221; Mittels dieses Zusatzes wird die IP-Adresse von Google gek\u00fcrzt und anonymisiert.<\/p>\n<p>Weitere Informationen finden Sie unter <a href=\"https:\/\/www.google.com\/intl\/de_de\/analytics\/\">https:\/\/www.google.com\/intl\/de_de\/analytics\/<\/a> und <a href=\"https:\/\/www.google.de\/intl\/de\/policies\/privacy\/\">https:\/\/www.google.de\/intl\/de\/policies\/privacy\/<\/a>. Wenn Sie dieser Datenverarbeitung widersprechen wollen, kontaktieren Sie uns bitte f\u00fcr weitere Informationen.<\/p>\n<ol start=\"11\">\n<li><strong> Unsere Kontaktdaten<\/strong><\/li>\n<\/ol>\n<p>Der Schutz Ihrer Daten ist uns besonders wichtig. Wir sind f\u00fcr Sie unter den unten angef\u00fchrten Kontaktdaten jederzeit f\u00fcr Ihre Fragen oder Ihren Widerruf erreichbar.<\/p>\n<p>Rechtsanwalt Hon.-Prof. Dr. Dietmar Czernich<br \/>\nBozner Platz 4 \u2013 Palais Hauser<br \/>\n6020 Innsbruck<br \/>\n\u00d6sterreich<\/p>\n<p>T +43 512 56 73 73<br \/>\nF +43 512 56 73 73 15<br \/>\nE <a href=\"mailto:czernich@chg.at\">czernich@chg.at<\/a><\/p>\n<\/div>\n<\/div>\n<\/div>\n<\/div>\n<\/div>\n<\/div>\n<\/div>\n<div id=\"cmsmasters_row_69f5389a0df8e6_74016900\" class=\"cmsmasters_row cmsmasters_color_scheme_default cmsmasters_row_top_default cmsmasters_row_bot_default cmsmasters_row_boxed\">\n<div class=\"cmsmasters_row_outer_parent\">\n<div class=\"cmsmasters_row_outer\">\n<div class=\"cmsmasters_row_inner cmsmasters_row_no_margin\">\n<div class=\"cmsmasters_row_margin\">\n<div class=\"cmsmasters_column one_first\">\n<div class=\"cmsmasters_text\">\n<p>\u00a9 2018 Arbitrator Hon.-Prof. Dr. Dietmar Czernich, LL.M (NYU) \/ <a title=\"Arbitrator Hon.-Prof. Dr. Dietmar Czernich, LL.M (NYU)\" href=\"http:\/\/www.schiedsrichter.at\/en\/kontakt\/#adresse\">Contact<\/a> \/ <a title=\"Arbitrator Hon.-Prof. Dr. Dietmar Czernich, LL.M (NYU)\" href=\"http:\/\/www.schiedsrichter.at\/en\/kontakt\/#impressum\">Imprint<\/a> \/ <a title=\"Arbitrator Hon.-Prof. Dr. Dietmar Czernich, LL.M (NYU)\" href=\"http:\/\/www.schiedsrichter.at\/en\/privacy-policy\">Privacy Policy<\/a><\/p>\n<\/div>\n<\/div>\n<\/div>\n<\/div>\n<\/div>\n<\/div>\n<\/div>\n\n","protected":false},"excerpt":{"rendered":"","protected":false},"author":1,"featured_media":0,"parent":0,"menu_order":0,"comment_status":"closed","ping_status":"closed","template":"","meta":{"footnotes":""},"_links":{"self":[{"href":"https:\/\/www.schiedsrichter.at\/en\/wp-json\/wp\/v2\/pages\/8158"}],"collection":[{"href":"https:\/\/www.schiedsrichter.at\/en\/wp-json\/wp\/v2\/pages"}],"about":[{"href":"https:\/\/www.schiedsrichter.at\/en\/wp-json\/wp\/v2\/types\/page"}],"author":[{"embeddable":true,"href":"https:\/\/www.schiedsrichter.at\/en\/wp-json\/wp\/v2\/users\/1"}],"replies":[{"embeddable":true,"href":"https:\/\/www.schiedsrichter.at\/en\/wp-json\/wp\/v2\/comments?post=8158"}],"version-history":[{"count":5,"href":"https:\/\/www.schiedsrichter.at\/en\/wp-json\/wp\/v2\/pages\/8158\/revisions"}],"predecessor-version":[{"id":8407,"href":"https:\/\/www.schiedsrichter.at\/en\/wp-json\/wp\/v2\/pages\/8158\/revisions\/8407"}],"wp:attachment":[{"href":"https:\/\/www.schiedsrichter.at\/en\/wp-json\/wp\/v2\/media?parent=8158"}],"curies":[{"name":"wp","href":"https:\/\/api.w.org\/{rel}","templated":true}]}}